{"id":324,"date":"2025-08-27T20:42:49","date_gmt":"2025-08-27T17:42:49","guid":{"rendered":"https:\/\/zeus-vs-hades.info\/"},"modified":"2025-08-28T09:56:30","modified_gmt":"2025-08-28T06:56:30","slug":"zeus-vs-hades","status":"publish","type":"page","link":"https:\/\/zeus-vs-hades.info\/tr\/","title":{"rendered":"Zeus vs Hades \u2014 Sava\u015f Tanr\u0131lar\u0131"},"content":{"rendered":"<div class=\"wp-block-media-text has-media-on-the-right is-stacked-on-mobile\" style=\"grid-template-columns:auto 28%\"><div class=\"wp-block-media-text__content\">\n<p><strong>Zeus vs Hades<\/strong> \u2014 sadece bir slot de\u011fil, her d\u00f6n\u00fc\u015f\u00fcn belirleyici olabilece\u011fi ger\u00e7ek bir macera. Pragmatic Play taraf\u0131ndan geli\u015ftirilen bu slot, oyunculara stratejilerini se\u00e7me f\u0131rsat\u0131 sunuyor: Zeus ile s\u0131k ama orta d\u00fczeyde kazan\u00e7lar veya Hades ile nadir ama b\u00fcy\u00fck kazan\u00e7lar. G\u00f6rsel efektler ve m\u00fczikler, oyunu unutulmaz k\u0131larak sizi kadim mitlerin atmosferine \u00e7ekiyor.<\/p>\n<\/div><figure class=\"wp-block-media-text__media\"><img loading=\"lazy\" decoding=\"async\" width=\"736\" height=\"736\" src=\"https:\/\/zeus-vs-hades.info\/wp-content\/uploads\/2025\/08\/wheel-1.webp\" alt=\"Zeus vs Hades - Sava\u015f Tanr\u0131lar\u0131\" class=\"wp-image-329 size-full\" srcset=\"https:\/\/zeus-vs-hades.info\/wp-content\/uploads\/2025\/08\/wheel-1.webp 736w, https:\/\/zeus-vs-hades.info\/wp-content\/uploads\/2025\/08\/wheel-1-300x300.webp 300w, https:\/\/zeus-vs-hades.info\/wp-content\/uploads\/2025\/08\/wheel-1-150x150.webp 150w, https:\/\/zeus-vs-hades.info\/wp-content\/uploads\/2025\/08\/wheel-1-12x12.webp 12w\" sizes=\"auto, (max-width: 736px) 100vw, 736px\" \/><\/figure><\/div>\n\n\n\n<div class=\"wp-block-buttons is-content-justification-center is-layout-flex wp-container-core-buttons-is-layout-16018d1d wp-block-buttons-is-layout-flex\">\n<div class=\"wp-block-button\"><a class=\"wp-block-button__link wp-element-button\" href=\"https:\/\/p72zy.bemobtrcks.com\/go\/8fdcbb0a-87a1-4def-9e5b-e0e49d214d03?\"><strong>Bonusla oyna<\/strong><\/a><\/div>\n<\/div>\n\n\n\n<figure class=\"wp-block-table\"><table class=\"has-fixed-layout\"><tbody><tr><td>Sa\u011flay\u0131c\u0131<\/td><td>Pragmatik Oyun<\/td><\/tr><tr><td>T\u00fcr<\/td><td>Mitoloji<\/td><\/tr><tr><td>Benzer slotlar<\/td><td>Olimpos Kap\u0131lar\u0131<\/td><\/tr><tr><td>Volatilite<\/td><td>Y\u00fcksek, ayarlanabilir<\/td><\/tr><tr><td>RTP<\/td><td>96,07%<\/td><\/tr><tr><td>Maksimum \u00e7arpan<\/td><td>15000x<\/td><\/tr><\/tbody><\/table><\/figure>\n\n\n\n<div class=\"wp-block-cover\"><img loading=\"lazy\" decoding=\"async\" width=\"800\" height=\"440\" class=\"wp-block-cover__image-background wp-image-335 size-full\" alt=\"\" src=\"https:\/\/zeus-vs-hades.info\/wp-content\/uploads\/2025\/08\/zeus-hades-cover.jpg\" style=\"object-position:51% 0%\" data-object-fit=\"cover\" data-object-position=\"51% 0%\" srcset=\"https:\/\/zeus-vs-hades.info\/wp-content\/uploads\/2025\/08\/zeus-hades-cover.jpg 800w, https:\/\/zeus-vs-hades.info\/wp-content\/uploads\/2025\/08\/zeus-hades-cover-300x165.jpg 300w, https:\/\/zeus-vs-hades.info\/wp-content\/uploads\/2025\/08\/zeus-hades-cover-768x422.jpg 768w, https:\/\/zeus-vs-hades.info\/wp-content\/uploads\/2025\/08\/zeus-hades-cover-18x10.jpg 18w\" sizes=\"auto, (max-width: 800px) 100vw, 800px\" \/><span aria-hidden=\"true\" class=\"wp-block-cover__background has-background-dim\" style=\"background-color:#717383\"><\/span><div class=\"wp-block-cover__inner-container is-layout-constrained wp-block-cover-is-layout-constrained\">\n<div class=\"wp-block-buttons is-content-justification-center is-layout-flex wp-container-core-buttons-is-layout-16018d1d wp-block-buttons-is-layout-flex\">\n<div class=\"wp-block-button popmake-367\"><a class=\"wp-block-button__link wp-element-button\" href=\"https:\/\/demogamesfree.pragmaticplay.net\/gs2c\/openGame.do?gameSymbol=vs15godsofwar&amp;websiteUrl=https%3A%2F%2Fdemogamesfree.pragmaticplay.net&amp;jurisdiction=99&amp;lobby_url=https%3A%2F%2Fwww.pragmaticplay.com%2Fen%2F\"><strong>Demoyu oyna<\/strong><\/a><\/div>\n<\/div>\n<\/div><\/div>\n\n\n\n<p>5x5 slot oyunu, \u00fc\u00e7 veya daha fazla \u00f6zde\u015f sembol\u00fcn bir araya gelmesiyle benzersiz bir oyun deneyimi sunar. Tanr\u0131lar\u0131n kat\u0131l\u0131m\u0131yla olu\u015fturulan parlak g\u00f6rsel efektler ve animasyonlar, oyunu ger\u00e7ekten heyecan verici k\u0131lar. Wild, \u00e7arpanlar ve \u00fccretsiz d\u00f6nd\u00fcrmeler gibi \u00f6zel semboller oyuna dinamiklik katar ve kazanma \u015fans\u0131n\u0131 art\u0131r\u0131r.<\/p>\n\n\n\n<p>Yeni ba\u015flayanlar veya oyunun oynan\u0131\u015f\u0131n\u0131 risk almadan de\u011ferlendirmek isteyenler i\u00e7in bir demo modu mevcuttur. Demoyu ger\u00e7ek para harcamadan \u00fccretsiz oynayabilirsiniz. Bu, oyunun mekaniklerini anlamak, her modun \u00f6zelliklerini \u00f6\u011frenmek ve bir strateji belirlemek i\u00e7in harika bir yoldur. Demo s\u00fcr\u00fcm\u00fc, kay\u0131t gerektirmeden h\u0131zl\u0131 bir \u015fekilde ba\u015flar ve slot oyunuyla ilk tan\u0131\u015fma i\u00e7in idealdir.<\/p>\n\n\n<h2 class=\"wp-block-heading\" id=\"%25d0%25b2-%25d0%25b8%25d0%25b3%25d1%2580%25d0%25b5-zeus-vs-hades-%25d1%2581%25d0%25b8%25d0%25bc%25d0%25b2%25d0%25be%25d0%25bb%25d1%258b-%25d0%25b8%25d0%25b3%25d1%2580%25d0%25b0%25d1%258e%25d1%2582-%25d0%25ba%25d0%25bb%25d1%258e%25d1%2587%25d0%25b5%25d0%25b2%25d1%2583%25d1%258e-%25d1%2580%25d0%25be%25d0%25bb%25d1%258c\">Zeus vs Hades oyununda semboller, oyunun atmosferini ve dinamiklerini olu\u015fturmada \u00f6nemli rol oynuyor.<\/h2>\n\n\n<p><strong>Zeus<\/strong> Kudretli ve g\u00f6rkemli bir tanr\u0131 olarak tasvir edilir, g\u00fc\u00e7 ve adaleti simgeler. Sembolleri aras\u0131nda genellikle \u015fim\u015fek, kartal ve taht bulunur ve bunlar Olimpos&#039;un y\u00fcce tanr\u0131s\u0131 stat\u00fcs\u00fcn\u00fc vurgular. Bu semboller g\u00fc\u00e7, bilgelik ve koruma ile ili\u015fkilendirilir.<\/p>\n\n\n\n<p><strong>Cehennem<\/strong>, aksine, yeralt\u0131 d\u00fcnyas\u0131n\u0131 ve gizemi simgeler. Sembolleri aras\u0131nda kafataslar\u0131, Kerberos ve siyah ta\u015ftan bir taht bulunur. Bu unsurlar, \u00f6l\u00fcler d\u00fcnyas\u0131 \u00fczerindeki g\u00fcc\u00fcn\u00fc vurgular ve gizem, g\u00fc\u00e7 ve ka\u00e7\u0131n\u0131lmazl\u0131kla ili\u015fkilendirilir.<\/p>\n\n\n\n<p>Slot, farkl\u0131 para birimlerinde oynama imkan\u0131 sunarak oyunu her \u00fclkeden kullan\u0131c\u0131 i\u00e7in \u00f6zellikle cazip hale getiriyor. D\u00f6viz kurlar\u0131 ve d\u00f6n\u00fc\u015f\u00fcmlerin karma\u015f\u0131kl\u0131\u011f\u0131n\u0131 unutun - sadece ruble cinsinden bahis tutar\u0131n\u0131 se\u00e7in ve oyunun keyfini \u00e7\u0131kar\u0131n.<\/p>\n\n\n\n<p>Bu slot sadece bir oyun de\u011fil, \u0131\u015f\u0131k ve karanl\u0131k aras\u0131nda destans\u0131 bir sava\u015f. Zeus&#039;un mu yoksa Hades&#039;in mi taraf\u0131nda sava\u015fmak istedi\u011finizi se\u00e7in. Bonus turlar\u0131n\u0131 etkinle\u015ftirin ve kazanma \u015fans\u0131n\u0131z\u0131 art\u0131r\u0131n. Tanr\u0131lar size \u015fans ve c\u00f6mert \u00f6d\u00fcller versin!<\/p>\n\n\n<div class=\"wp-block-image\">\n<figure class=\"aligncenter size-large is-resized\"><img loading=\"lazy\" decoding=\"async\" width=\"1024\" height=\"576\" src=\"https:\/\/zeus-vs-hades.info\/wp-content\/uploads\/2025\/08\/zeusvshades-godsofwar-article_mainbanner-1024x576.jpg\" alt=\"zeus vs hades\" class=\"wp-image-355\" style=\"width:652px;height:auto\" srcset=\"https:\/\/zeus-vs-hades.info\/wp-content\/uploads\/2025\/08\/zeusvshades-godsofwar-article_mainbanner-1024x576.jpg 1024w, https:\/\/zeus-vs-hades.info\/wp-content\/uploads\/2025\/08\/zeusvshades-godsofwar-article_mainbanner-300x169.jpg 300w, https:\/\/zeus-vs-hades.info\/wp-content\/uploads\/2025\/08\/zeusvshades-godsofwar-article_mainbanner-768x432.jpg 768w, https:\/\/zeus-vs-hades.info\/wp-content\/uploads\/2025\/08\/zeusvshades-godsofwar-article_mainbanner-18x10.jpg 18w, https:\/\/zeus-vs-hades.info\/wp-content\/uploads\/2025\/08\/zeusvshades-godsofwar-article_mainbanner.jpg 1200w\" sizes=\"auto, (max-width: 1024px) 100vw, 1024px\" \/><\/figure>\n<\/div>\n\n<h2 class=\"wp-block-heading\" id=\"%25d0%25b1%25d0%25be%25d0%25bd%25d1%2583%25d1%2581%25d0%25bd%25d1%258b%25d0%25b5-%25d1%2584%25d1%2583%25d0%25bd%25d0%25ba%25d1%2586%25d0%25b8%25d0%25b8\">Bonus \u00f6zellikler<\/h2>\n\n\n<p>Bu heyecan verici slot, oyunculara geni\u015fleyen Wild sembolleri sunan iki farkl\u0131 bonus sunuyor. Bu semboller herhangi bir makarada belirerek b\u00fcy\u00fck kazanma \u015fans\u0131n\u0131z\u0131 art\u0131r\u0131yor. Bonus turlar\u0131 s\u0131ras\u0131nda, iki g\u00fc\u00e7l\u00fc titan aras\u0131nda destans\u0131 bir sava\u015fa tan\u0131k olacaks\u0131n\u0131z ve her iki taraf da zafer kazand\u0131\u011f\u0131nda \u00e7arpanlar 100 kat\u0131na kadar \u00e7\u0131kacak. <\/p>\n\n\n\n<p>G\u00f6r\u00fcnen t\u00fcm wild sembolleri sonraki d\u00f6n\u00fc\u015fler i\u00e7in saklan\u0131r, bu da b\u00fcy\u00fck \u00f6d\u00fcller kazanma \u015fans\u0131n\u0131z\u0131 \u00f6nemli \u00f6l\u00e7\u00fcde art\u0131r\u0131r. Bu slottaki maksimum kazan\u00e7 15.000 kat\u0131na kadar \u00e7\u0131kabilir, bu da onu t\u00fcm kumar tutkunlar\u0131 i\u00e7in inan\u0131lmaz derecede \u00e7ekici k\u0131lar.<\/p>","protected":false},"excerpt":{"rendered":"<p>Zeus vs Hades sadece bir slot de\u011fil, her d\u00f6n\u00fc\u015f\u00fcn belirleyici olabilece\u011fi ger\u00e7ek bir macera. Pragmatic Play taraf\u0131ndan geli\u015ftirilen bu slot, oyunculara stratejilerini se\u00e7me f\u0131rsat\u0131 sunuyor: Zeus ile s\u0131k ama orta d\u00fczeyde kazan\u00e7lar veya Hades ile nadir ama b\u00fcy\u00fck kazan\u00e7lar. G\u00f6rsel efektler ve m\u00fczikler, sizi kadim mitlerin atmosferine \u00e7ekerek oyunu unutulmaz k\u0131l\u0131yor. Sa\u011flay\u0131c\u0131 Pragmatic\u2026<\/p>","protected":false},"author":1,"featured_media":0,"parent":0,"menu_order":0,"comment_status":"closed","ping_status":"closed","template":"","meta":{"_kadence_starter_templates_imported_post":false,"_kad_post_transparent":"","_kad_post_title":"","_kad_post_layout":"","_kad_post_sidebar_id":"","_kad_post_content_style":"","_kad_post_vertical_padding":"","_kad_post_feature":"","_kad_post_feature_position":"","_kad_post_header":false,"_kad_post_footer":false,"footnotes":""},"class_list":["post-324","page","type-page","status-publish","hentry"],"aioseo_notices":[],"_links":{"self":[{"href":"https:\/\/zeus-vs-hades.info\/tr\/wp-json\/wp\/v2\/pages\/324","targetHints":{"allow":["GET"]}}],"collection":[{"href":"https:\/\/zeus-vs-hades.info\/tr\/wp-json\/wp\/v2\/pages"}],"about":[{"href":"https:\/\/zeus-vs-hades.info\/tr\/wp-json\/wp\/v2\/types\/page"}],"author":[{"embeddable":true,"href":"https:\/\/zeus-vs-hades.info\/tr\/wp-json\/wp\/v2\/users\/1"}],"replies":[{"embeddable":true,"href":"https:\/\/zeus-vs-hades.info\/tr\/wp-json\/wp\/v2\/comments?post=324"}],"version-history":[{"count":22,"href":"https:\/\/zeus-vs-hades.info\/tr\/wp-json\/wp\/v2\/pages\/324\/revisions"}],"predecessor-version":[{"id":385,"href":"https:\/\/zeus-vs-hades.info\/tr\/wp-json\/wp\/v2\/pages\/324\/revisions\/385"}],"wp:attachment":[{"href":"https:\/\/zeus-vs-hades.info\/tr\/wp-json\/wp\/v2\/media?parent=324"}],"curies":[{"name":"wp","href":"https:\/\/api.w.org\/{rel}","templated":true}]}}