{"id":324,"date":"2025-08-27T20:42:49","date_gmt":"2025-08-27T17:42:49","guid":{"rendered":"https:\/\/zeus-vs-hades.info\/"},"modified":"2025-08-28T09:56:30","modified_gmt":"2025-08-28T06:56:30","slug":"zeus-vs-hades","status":"publish","type":"page","link":"https:\/\/zeus-vs-hades.info\/pt\/","title":{"rendered":"Zeus vs Hades \u2014 Deuses da Guerra"},"content":{"rendered":"<div class=\"wp-block-media-text has-media-on-the-right is-stacked-on-mobile\" style=\"grid-template-columns:auto 28%\"><div class=\"wp-block-media-text__content\">\n<p><strong>Zeus vs Hades<\/strong> \u2014 n\u00e3o \u00e9 apenas um ca\u00e7a-n\u00edqueis, mas uma verdadeira aventura onde cada giro pode ser decisivo. Desenvolvido pela Pragmatic Play, este ca\u00e7a-n\u00edqueis oferece aos jogadores a oportunidade de escolher sua estrat\u00e9gia: vit\u00f3rias frequentes, por\u00e9m moderadas, com Zeus, ou raras, por\u00e9m expressivas, com Hades. Os efeitos visuais e a trilha sonora tornam o jogo inesquec\u00edvel, mergulhando voc\u00ea na atmosfera de mitos antigos.<\/p>\n<\/div><figure class=\"wp-block-media-text__media\"><img loading=\"lazy\" decoding=\"async\" width=\"736\" height=\"736\" src=\"https:\/\/zeus-vs-hades.info\/wp-content\/uploads\/2025\/08\/wheel-1.webp\" alt=\"Zeus vs Hades - Deuses da Guerra\" class=\"wp-image-329 size-full\" srcset=\"https:\/\/zeus-vs-hades.info\/wp-content\/uploads\/2025\/08\/wheel-1.webp 736w, https:\/\/zeus-vs-hades.info\/wp-content\/uploads\/2025\/08\/wheel-1-300x300.webp 300w, https:\/\/zeus-vs-hades.info\/wp-content\/uploads\/2025\/08\/wheel-1-150x150.webp 150w, https:\/\/zeus-vs-hades.info\/wp-content\/uploads\/2025\/08\/wheel-1-12x12.webp 12w\" sizes=\"auto, (max-width: 736px) 100vw, 736px\" \/><\/figure><\/div>\n\n\n\n<div class=\"wp-block-buttons is-content-justification-center is-layout-flex wp-container-core-buttons-is-layout-16018d1d wp-block-buttons-is-layout-flex\">\n<div class=\"wp-block-button\"><a class=\"wp-block-button__link wp-element-button\" href=\"https:\/\/p72zy.bemobtrcks.com\/go\/8fdcbb0a-87a1-4def-9e5b-e0e49d214d03?\"><strong>Jogue com b\u00f4nus<\/strong><\/a><\/div>\n<\/div>\n\n\n\n<figure class=\"wp-block-table\"><table class=\"has-fixed-layout\"><tbody><tr><td>Provedor<\/td><td>Jogo Pragm\u00e1tico<\/td><\/tr><tr><td>G\u00eanero<\/td><td>Mitologia<\/td><\/tr><tr><td>Slots semelhantes<\/td><td>Port\u00f5es do Olimpo<\/td><\/tr><tr><td>Volatilidade<\/td><td>Alto, ajust\u00e1vel<\/td><\/tr><tr><td>RTP<\/td><td>96,07%<\/td><\/tr><tr><td>Multiplicador m\u00e1ximo<\/td><td>15000x<\/td><\/tr><\/tbody><\/table><\/figure>\n\n\n\n<div class=\"wp-block-cover\"><img loading=\"lazy\" decoding=\"async\" width=\"800\" height=\"440\" class=\"wp-block-cover__image-background wp-image-335 size-full\" alt=\"\" src=\"https:\/\/zeus-vs-hades.info\/wp-content\/uploads\/2025\/08\/zeus-hades-cover.jpg\" style=\"object-position:51% 0%\" data-object-fit=\"cover\" data-object-position=\"51% 0%\" srcset=\"https:\/\/zeus-vs-hades.info\/wp-content\/uploads\/2025\/08\/zeus-hades-cover.jpg 800w, https:\/\/zeus-vs-hades.info\/wp-content\/uploads\/2025\/08\/zeus-hades-cover-300x165.jpg 300w, https:\/\/zeus-vs-hades.info\/wp-content\/uploads\/2025\/08\/zeus-hades-cover-768x422.jpg 768w, https:\/\/zeus-vs-hades.info\/wp-content\/uploads\/2025\/08\/zeus-hades-cover-18x10.jpg 18w\" sizes=\"auto, (max-width: 800px) 100vw, 800px\" \/><span aria-hidden=\"true\" class=\"wp-block-cover__background has-background-dim\" style=\"background-color:#717383\"><\/span><div class=\"wp-block-cover__inner-container is-layout-constrained wp-block-cover-is-layout-constrained\">\n<div class=\"wp-block-buttons is-content-justification-center is-layout-flex wp-container-core-buttons-is-layout-16018d1d wp-block-buttons-is-layout-flex\">\n<div class=\"wp-block-button popmake-367\"><a class=\"wp-block-button__link wp-element-button\" href=\"https:\/\/demogamesfree.pragmaticplay.net\/gs2c\/openGame.do?gameSymbol=vs15godsofwar&amp;websiteUrl=https%3A%2F%2Fdemogamesfree.pragmaticplay.net&amp;jurisdiction=99&amp;lobby_url=https%3A%2F%2Fwww.pragmaticplay.com%2Fen%2F\"><strong>Reproduzir demonstra\u00e7\u00e3o<\/strong><\/a><\/div>\n<\/div>\n<\/div><\/div>\n\n\n\n<p>O ca\u00e7a-n\u00edqueis 5x5 oferece uma experi\u00eancia de jogo \u00fanica com a forma\u00e7\u00e3o de combina\u00e7\u00f5es de tr\u00eas ou mais s\u00edmbolos id\u00eanticos. Efeitos visuais vibrantes e anima\u00e7\u00f5es com a participa\u00e7\u00e3o de deuses tornam o jogo verdadeiramente emocionante. S\u00edmbolos especiais como wilds, multiplicadores e giros gr\u00e1tis adicionam dinamismo e aumentam as chances de ganhar.<\/p>\n\n\n\n<p>Para iniciantes ou para aqueles que desejam avaliar a jogabilidade sem riscos, existe um modo de demonstra\u00e7\u00e3o dispon\u00edvel. Voc\u00ea pode jogar a demo gratuitamente, sem gastar dinheiro real. Esta \u00e9 uma \u00f3tima maneira de entender a mec\u00e2nica do jogo, aprender os recursos de cada modo e escolher uma estrat\u00e9gia. A vers\u00e3o demo come\u00e7a rapidamente, sem necessidade de cadastro, e \u00e9 ideal para o primeiro contato com o ca\u00e7a-n\u00edquel.<\/p>\n\n\n<h2 class=\"wp-block-heading\" id=\"%25d0%25b2-%25d0%25b8%25d0%25b3%25d1%2580%25d0%25b5-zeus-vs-hades-%25d1%2581%25d0%25b8%25d0%25bc%25d0%25b2%25d0%25be%25d0%25bb%25d1%258b-%25d0%25b8%25d0%25b3%25d1%2580%25d0%25b0%25d1%258e%25d1%2582-%25d0%25ba%25d0%25bb%25d1%258e%25d1%2587%25d0%25b5%25d0%25b2%25d1%2583%25d1%258e-%25d1%2580%25d0%25be%25d0%25bb%25d1%258c\">No jogo Zeus vs Hades, os s\u00edmbolos desempenham um papel fundamental na cria\u00e7\u00e3o da atmosfera e da din\u00e2mica do jogo.<\/h2>\n\n\n<p><strong>Zeus<\/strong> \u00e9 apresentado como um deus poderoso e majestoso, simbolizando poder e justi\u00e7a. Seus s\u00edmbolos frequentemente incluem rel\u00e2mpagos, \u00e1guias e um trono, que enfatizam seu status como o deus supremo do Olimpo. Esses s\u00edmbolos s\u00e3o associados \u00e0 for\u00e7a, sabedoria e prote\u00e7\u00e3o.<\/p>\n\n\n\n<p><strong>Hades<\/strong>, ao contr\u00e1rio, simboliza o submundo e o mist\u00e9rio. Seus s\u00edmbolos incluem caveiras, C\u00e9rbero e um trono de pedra negra. Esses elementos enfatizam seu poder sobre o mundo dos mortos e est\u00e3o associados a mist\u00e9rio, poder e inevitabilidade.<\/p>\n\n\n\n<p>O ca\u00e7a-n\u00edqueis oferece uma oportunidade \u00fanica de jogar em diferentes moedas, o que o torna especialmente atraente para usu\u00e1rios de qualquer pa\u00eds. Esque\u00e7a as complexidades das taxas de c\u00e2mbio e convers\u00f5es \u2014 basta escolher o valor da aposta em rublos e aproveitar o jogo.<\/p>\n\n\n\n<p>Este ca\u00e7a-n\u00edqueis n\u00e3o \u00e9 apenas um jogo, mas uma batalha \u00e9pica entre a luz e a escurid\u00e3o. Escolha de que lado voc\u00ea quer lutar \u2013 Zeus ou Hades. Ative rodadas de b\u00f4nus e aumente suas chances de ganhar. Que os deuses lhe concedam sorte e pr\u00eamios generosos!<\/p>\n\n\n<div class=\"wp-block-image\">\n<figure class=\"aligncenter size-large is-resized\"><img loading=\"lazy\" decoding=\"async\" width=\"1024\" height=\"576\" src=\"https:\/\/zeus-vs-hades.info\/wp-content\/uploads\/2025\/08\/zeusvshades-godsofwar-article_mainbanner-1024x576.jpg\" alt=\"zeus vs hades\" class=\"wp-image-355\" style=\"width:652px;height:auto\" srcset=\"https:\/\/zeus-vs-hades.info\/wp-content\/uploads\/2025\/08\/zeusvshades-godsofwar-article_mainbanner-1024x576.jpg 1024w, https:\/\/zeus-vs-hades.info\/wp-content\/uploads\/2025\/08\/zeusvshades-godsofwar-article_mainbanner-300x169.jpg 300w, https:\/\/zeus-vs-hades.info\/wp-content\/uploads\/2025\/08\/zeusvshades-godsofwar-article_mainbanner-768x432.jpg 768w, https:\/\/zeus-vs-hades.info\/wp-content\/uploads\/2025\/08\/zeusvshades-godsofwar-article_mainbanner-18x10.jpg 18w, https:\/\/zeus-vs-hades.info\/wp-content\/uploads\/2025\/08\/zeusvshades-godsofwar-article_mainbanner.jpg 1200w\" sizes=\"auto, (max-width: 1024px) 100vw, 1024px\" \/><\/figure>\n<\/div>\n\n<h2 class=\"wp-block-heading\" id=\"%25d0%25b1%25d0%25be%25d0%25bd%25d1%2583%25d1%2581%25d0%25bd%25d1%258b%25d0%25b5-%25d1%2584%25d1%2583%25d0%25bd%25d0%25ba%25d1%2586%25d0%25b8%25d0%25b8\">Recursos b\u00f4nus<\/h2>\n\n\n<p>Este emocionante ca\u00e7a-n\u00edqueis oferece aos jogadores dois b\u00f4nus diferentes, ambos com s\u00edmbolos Wild expansivos. Esses s\u00edmbolos podem aparecer em qualquer rolo, aumentando suas chances de grandes vit\u00f3rias. Durante as rodadas de b\u00f4nus, voc\u00ea vivenciar\u00e1 uma batalha \u00e9pica entre dois poderosos tit\u00e3s, onde a vit\u00f3ria de qualquer um dos lados gera multiplicadores de at\u00e9 100x. <\/p>\n\n\n\n<p>Todos os s\u00edmbolos selvagens que aparecem s\u00e3o salvos para giros subsequentes, o que aumenta significativamente suas chances de ganhar pr\u00eamios enormes. O pr\u00eamio m\u00e1ximo neste ca\u00e7a-n\u00edqueis pode chegar a 15.000 vezes, o que o torna incrivelmente atraente para todos os entusiastas de jogos de azar.<\/p>","protected":false},"excerpt":{"rendered":"<p>Zeus vs Hades n\u00e3o \u00e9 apenas um ca\u00e7a-n\u00edqueis, mas uma verdadeira aventura onde cada giro pode ser decisivo. Desenvolvido pela Pragmatic Play, este ca\u00e7a-n\u00edqueis oferece aos jogadores a oportunidade de escolher sua estrat\u00e9gia: vit\u00f3rias frequentes, por\u00e9m moderadas, com Zeus, ou raras, por\u00e9m expressivas, com Hades. Efeitos visuais e sonoros tornam o jogo inesquec\u00edvel, mergulhando voc\u00ea na atmosfera de mitos antigos. Provedor Pragmatic\u2026<\/p>","protected":false},"author":1,"featured_media":0,"parent":0,"menu_order":0,"comment_status":"closed","ping_status":"closed","template":"","meta":{"_kadence_starter_templates_imported_post":false,"_kad_post_transparent":"","_kad_post_title":"","_kad_post_layout":"","_kad_post_sidebar_id":"","_kad_post_content_style":"","_kad_post_vertical_padding":"","_kad_post_feature":"","_kad_post_feature_position":"","_kad_post_header":false,"_kad_post_footer":false,"footnotes":""},"class_list":["post-324","page","type-page","status-publish","hentry"],"aioseo_notices":[],"_links":{"self":[{"href":"https:\/\/zeus-vs-hades.info\/pt\/wp-json\/wp\/v2\/pages\/324","targetHints":{"allow":["GET"]}}],"collection":[{"href":"https:\/\/zeus-vs-hades.info\/pt\/wp-json\/wp\/v2\/pages"}],"about":[{"href":"https:\/\/zeus-vs-hades.info\/pt\/wp-json\/wp\/v2\/types\/page"}],"author":[{"embeddable":true,"href":"https:\/\/zeus-vs-hades.info\/pt\/wp-json\/wp\/v2\/users\/1"}],"replies":[{"embeddable":true,"href":"https:\/\/zeus-vs-hades.info\/pt\/wp-json\/wp\/v2\/comments?post=324"}],"version-history":[{"count":22,"href":"https:\/\/zeus-vs-hades.info\/pt\/wp-json\/wp\/v2\/pages\/324\/revisions"}],"predecessor-version":[{"id":385,"href":"https:\/\/zeus-vs-hades.info\/pt\/wp-json\/wp\/v2\/pages\/324\/revisions\/385"}],"wp:attachment":[{"href":"https:\/\/zeus-vs-hades.info\/pt\/wp-json\/wp\/v2\/media?parent=324"}],"curies":[{"name":"wp","href":"https:\/\/api.w.org\/{rel}","templated":true}]}}