{"id":324,"date":"2025-08-27T20:42:49","date_gmt":"2025-08-27T17:42:49","guid":{"rendered":"https:\/\/zeus-vs-hades.info\/"},"modified":"2025-08-28T09:56:30","modified_gmt":"2025-08-28T06:56:30","slug":"zeus-vs-hades","status":"publish","type":"page","link":"https:\/\/zeus-vs-hades.info\/fr\/","title":{"rendered":"Zeus vs Hades \u2014 Dieux de la guerre"},"content":{"rendered":"<div class=\"wp-block-media-text has-media-on-the-right is-stacked-on-mobile\" style=\"grid-template-columns:auto 28%\"><div class=\"wp-block-media-text__content\">\n<p><strong>Zeus vs Hades<\/strong> \u2014 n&#039;est pas une simple machine \u00e0 sous, mais une v\u00e9ritable aventure o\u00f9 chaque tour peut \u00eatre d\u00e9cisif. D\u00e9velopp\u00e9e par Pragmatic Play, cette machine \u00e0 sous offre aux joueurs la possibilit\u00e9 de choisir leur strat\u00e9gie\u00a0: des gains fr\u00e9quents mais mod\u00e9r\u00e9s avec Zeus ou des gains rares mais importants avec Had\u00e8s. Les effets visuels et la bande sonore rendent le jeu inoubliable et vous plongent dans l&#039;atmosph\u00e8re des mythes antiques.<\/p>\n<\/div><figure class=\"wp-block-media-text__media\"><img loading=\"lazy\" decoding=\"async\" width=\"736\" height=\"736\" src=\"https:\/\/zeus-vs-hades.info\/wp-content\/uploads\/2025\/08\/wheel-1.webp\" alt=\"Zeus vs Hades - Dieux de la guerre\" class=\"wp-image-329 size-full\" srcset=\"https:\/\/zeus-vs-hades.info\/wp-content\/uploads\/2025\/08\/wheel-1.webp 736w, https:\/\/zeus-vs-hades.info\/wp-content\/uploads\/2025\/08\/wheel-1-300x300.webp 300w, https:\/\/zeus-vs-hades.info\/wp-content\/uploads\/2025\/08\/wheel-1-150x150.webp 150w, https:\/\/zeus-vs-hades.info\/wp-content\/uploads\/2025\/08\/wheel-1-12x12.webp 12w\" sizes=\"auto, (max-width: 736px) 100vw, 736px\" \/><\/figure><\/div>\n\n\n\n<div class=\"wp-block-buttons is-content-justification-center is-layout-flex wp-container-core-buttons-is-layout-16018d1d wp-block-buttons-is-layout-flex\">\n<div class=\"wp-block-button\"><a class=\"wp-block-button__link wp-element-button\" href=\"https:\/\/p72zy.bemobtrcks.com\/go\/8fdcbb0a-87a1-4def-9e5b-e0e49d214d03?\"><strong>Jouez avec un bonus<\/strong><\/a><\/div>\n<\/div>\n\n\n\n<figure class=\"wp-block-table\"><table class=\"has-fixed-layout\"><tbody><tr><td>Fournisseur<\/td><td>Jeu pragmatique<\/td><\/tr><tr><td>Genre<\/td><td>Mythologie<\/td><\/tr><tr><td>Machines \u00e0 sous similaires<\/td><td>Portes de l&#039;Olympe<\/td><\/tr><tr><td>Volatilit\u00e9<\/td><td>Haut, r\u00e9glable<\/td><\/tr><tr><td>RTP<\/td><td>96,07%<\/td><\/tr><tr><td>Multiplicateur maximal<\/td><td>15000x<\/td><\/tr><\/tbody><\/table><\/figure>\n\n\n\n<div class=\"wp-block-cover\"><img loading=\"lazy\" decoding=\"async\" width=\"800\" height=\"440\" class=\"wp-block-cover__image-background wp-image-335 size-full\" alt=\"\" src=\"https:\/\/zeus-vs-hades.info\/wp-content\/uploads\/2025\/08\/zeus-hades-cover.jpg\" style=\"object-position:51% 0%\" data-object-fit=\"cover\" data-object-position=\"51% 0%\" srcset=\"https:\/\/zeus-vs-hades.info\/wp-content\/uploads\/2025\/08\/zeus-hades-cover.jpg 800w, https:\/\/zeus-vs-hades.info\/wp-content\/uploads\/2025\/08\/zeus-hades-cover-300x165.jpg 300w, https:\/\/zeus-vs-hades.info\/wp-content\/uploads\/2025\/08\/zeus-hades-cover-768x422.jpg 768w, https:\/\/zeus-vs-hades.info\/wp-content\/uploads\/2025\/08\/zeus-hades-cover-18x10.jpg 18w\" sizes=\"auto, (max-width: 800px) 100vw, 800px\" \/><span aria-hidden=\"true\" class=\"wp-block-cover__background has-background-dim\" style=\"background-color:#717383\"><\/span><div class=\"wp-block-cover__inner-container is-layout-constrained wp-block-cover-is-layout-constrained\">\n<div class=\"wp-block-buttons is-content-justification-center is-layout-flex wp-container-core-buttons-is-layout-16018d1d wp-block-buttons-is-layout-flex\">\n<div class=\"wp-block-button popmake-367\"><a class=\"wp-block-button__link wp-element-button\" href=\"https:\/\/demogamesfree.pragmaticplay.net\/gs2c\/openGame.do?gameSymbol=vs15godsofwar&amp;websiteUrl=https%3A%2F%2Fdemogamesfree.pragmaticplay.net&amp;jurisdiction=99&amp;lobby_url=https%3A%2F%2Fwww.pragmaticplay.com%2Fen%2F\"><strong>Jouer \u00e0 la d\u00e9mo<\/strong><\/a><\/div>\n<\/div>\n<\/div><\/div>\n\n\n\n<p>La machine \u00e0 sous 5x5 offre une exp\u00e9rience de jeu unique gr\u00e2ce \u00e0 la formation de combinaisons de trois symboles identiques ou plus. Des effets visuels \u00e9clatants et des animations mettant en sc\u00e8ne des dieux rendent le jeu vraiment captivant. Des symboles sp\u00e9ciaux tels que des jokers, des multiplicateurs et des tours gratuits ajoutent du dynamisme et augmentent les chances de gagner.<\/p>\n\n\n\n<p>Pour les d\u00e9butants ou ceux qui souhaitent tester le jeu sans risque, un mode d\u00e9mo est disponible. Vous pouvez y jouer gratuitement, sans d\u00e9penser d&#039;argent r\u00e9el. C&#039;est un excellent moyen de comprendre les m\u00e9canismes du jeu, d&#039;apprendre les fonctionnalit\u00e9s de chaque mode et de choisir une strat\u00e9gie. La version d\u00e9mo d\u00e9marre rapidement, sans inscription, et est id\u00e9ale pour une premi\u00e8re d\u00e9couverte de la machine \u00e0 sous.<\/p>\n\n\n<h2 class=\"wp-block-heading\" id=\"%25d0%25b2-%25d0%25b8%25d0%25b3%25d1%2580%25d0%25b5-zeus-vs-hades-%25d1%2581%25d0%25b8%25d0%25bc%25d0%25b2%25d0%25be%25d0%25bb%25d1%258b-%25d0%25b8%25d0%25b3%25d1%2580%25d0%25b0%25d1%258e%25d1%2582-%25d0%25ba%25d0%25bb%25d1%258e%25d1%2587%25d0%25b5%25d0%25b2%25d1%2583%25d1%258e-%25d1%2580%25d0%25be%25d0%25bb%25d1%258c\">Dans le jeu Zeus vs Hades, les symboles jouent un r\u00f4le cl\u00e9 dans la cr\u00e9ation de l&#039;atmosph\u00e8re et de la dynamique du gameplay.<\/h2>\n\n\n<p><strong>Zeus<\/strong> Il est pr\u00e9sent\u00e9 comme un dieu puissant et majestueux, symbole de puissance et de justice. Ses symboles incluent souvent la foudre, l&#039;aigle et un tr\u00f4ne, soulignant son statut de dieu supr\u00eame de l&#039;Olympe. Ces symboles sont associ\u00e9s \u00e0 la force, \u00e0 la sagesse et \u00e0 la protection.<\/p>\n\n\n\n<p><strong>Enfers<\/strong>, au contraire, symbolise le monde souterrain et le myst\u00e8re. Ses symboles incluent des cr\u00e2nes, Cerb\u00e8re et un tr\u00f4ne de pierre noire. Ces \u00e9l\u00e9ments soulignent son pouvoir sur le monde des morts et sont associ\u00e9s au myst\u00e8re, \u00e0 la puissance et \u00e0 l&#039;in\u00e9luctabilit\u00e9.<\/p>\n\n\n\n<p>La machine \u00e0 sous offre la possibilit\u00e9 unique de jouer dans diff\u00e9rentes devises, ce qui la rend particuli\u00e8rement attrayante pour les joueurs de tous pays. Oubliez les complexit\u00e9s des taux de change et de conversion\u00a0: choisissez simplement le montant de votre mise en roubles et profitez du jeu.<\/p>\n\n\n\n<p>Cette machine \u00e0 sous n&#039;est pas qu&#039;un jeu, mais un combat \u00e9pique entre la lumi\u00e8re et les t\u00e9n\u00e8bres. Choisissez votre camp\u00a0: Zeus ou Had\u00e8s. Activez les tours bonus et augmentez vos chances de gagner. Que les dieux vous accordent chance et de g\u00e9n\u00e9reux prix\u00a0!<\/p>\n\n\n<div class=\"wp-block-image\">\n<figure class=\"aligncenter size-large is-resized\"><img loading=\"lazy\" decoding=\"async\" width=\"1024\" height=\"576\" src=\"https:\/\/zeus-vs-hades.info\/wp-content\/uploads\/2025\/08\/zeusvshades-godsofwar-article_mainbanner-1024x576.jpg\" alt=\"zeus vs hades\" class=\"wp-image-355\" style=\"width:652px;height:auto\" srcset=\"https:\/\/zeus-vs-hades.info\/wp-content\/uploads\/2025\/08\/zeusvshades-godsofwar-article_mainbanner-1024x576.jpg 1024w, https:\/\/zeus-vs-hades.info\/wp-content\/uploads\/2025\/08\/zeusvshades-godsofwar-article_mainbanner-300x169.jpg 300w, https:\/\/zeus-vs-hades.info\/wp-content\/uploads\/2025\/08\/zeusvshades-godsofwar-article_mainbanner-768x432.jpg 768w, https:\/\/zeus-vs-hades.info\/wp-content\/uploads\/2025\/08\/zeusvshades-godsofwar-article_mainbanner-18x10.jpg 18w, https:\/\/zeus-vs-hades.info\/wp-content\/uploads\/2025\/08\/zeusvshades-godsofwar-article_mainbanner.jpg 1200w\" sizes=\"auto, (max-width: 1024px) 100vw, 1024px\" \/><\/figure>\n<\/div>\n\n<h2 class=\"wp-block-heading\" id=\"%25d0%25b1%25d0%25be%25d0%25bd%25d1%2583%25d1%2581%25d0%25bd%25d1%258b%25d0%25b5-%25d1%2584%25d1%2583%25d0%25bd%25d0%25ba%25d1%2586%25d0%25b8%25d0%25b8\">Fonctionnalit\u00e9s bonus<\/h2>\n\n\n<p>Cette machine \u00e0 sous palpitante offre aux joueurs deux bonus diff\u00e9rents, chacun proposant des symboles Wild extensibles. Ces symboles peuvent appara\u00eetre sur n&#039;importe quel rouleau, augmentant ainsi vos chances de remporter de gros gains. Pendant les tours bonus, vous vivrez un combat \u00e9pique entre deux puissants titans, o\u00f9 la victoire de l&#039;un ou l&#039;autre camp rapporte des multiplicateurs jusqu&#039;\u00e0 x100. <\/p>\n\n\n\n<p>Tous les symboles Wild qui apparaissent sont conserv\u00e9s pour les tours suivants, ce qui augmente consid\u00e9rablement vos chances de remporter d&#039;\u00e9normes prix. Le gain maximum de cette machine \u00e0 sous peut atteindre 15\u00a0000 fois, ce qui la rend incroyablement attrayante pour tous les amateurs de jeux d&#039;argent.<\/p>","protected":false},"excerpt":{"rendered":"<p>Zeus vs Hades n&#039;est pas qu&#039;une simple machine \u00e0 sous, c&#039;est une v\u00e9ritable aventure o\u00f9 chaque tour peut \u00eatre d\u00e9cisif. D\u00e9velopp\u00e9e par Pragmatic Play, cette machine \u00e0 sous offre aux joueurs la possibilit\u00e9 de choisir leur strat\u00e9gie\u00a0: des gains fr\u00e9quents mais mod\u00e9r\u00e9s avec Zeus ou des gains rares mais importants avec Had\u00e8s. Les effets visuels et la bande sonore rendent le jeu inoubliable et vous plongent dans l&#039;atmosph\u00e8re des mythes antiques. Fournisseur Pragmatic\u2026<\/p>","protected":false},"author":1,"featured_media":0,"parent":0,"menu_order":0,"comment_status":"closed","ping_status":"closed","template":"","meta":{"_kadence_starter_templates_imported_post":false,"_kad_post_transparent":"","_kad_post_title":"","_kad_post_layout":"","_kad_post_sidebar_id":"","_kad_post_content_style":"","_kad_post_vertical_padding":"","_kad_post_feature":"","_kad_post_feature_position":"","_kad_post_header":false,"_kad_post_footer":false,"footnotes":""},"class_list":["post-324","page","type-page","status-publish","hentry"],"aioseo_notices":[],"_links":{"self":[{"href":"https:\/\/zeus-vs-hades.info\/fr\/wp-json\/wp\/v2\/pages\/324","targetHints":{"allow":["GET"]}}],"collection":[{"href":"https:\/\/zeus-vs-hades.info\/fr\/wp-json\/wp\/v2\/pages"}],"about":[{"href":"https:\/\/zeus-vs-hades.info\/fr\/wp-json\/wp\/v2\/types\/page"}],"author":[{"embeddable":true,"href":"https:\/\/zeus-vs-hades.info\/fr\/wp-json\/wp\/v2\/users\/1"}],"replies":[{"embeddable":true,"href":"https:\/\/zeus-vs-hades.info\/fr\/wp-json\/wp\/v2\/comments?post=324"}],"version-history":[{"count":22,"href":"https:\/\/zeus-vs-hades.info\/fr\/wp-json\/wp\/v2\/pages\/324\/revisions"}],"predecessor-version":[{"id":385,"href":"https:\/\/zeus-vs-hades.info\/fr\/wp-json\/wp\/v2\/pages\/324\/revisions\/385"}],"wp:attachment":[{"href":"https:\/\/zeus-vs-hades.info\/fr\/wp-json\/wp\/v2\/media?parent=324"}],"curies":[{"name":"wp","href":"https:\/\/api.w.org\/{rel}","templated":true}]}}