{"id":324,"date":"2025-08-27T20:42:49","date_gmt":"2025-08-27T17:42:49","guid":{"rendered":"https:\/\/zeus-vs-hades.info\/"},"modified":"2025-08-28T09:56:30","modified_gmt":"2025-08-28T06:56:30","slug":"zeus-vs-hades","status":"publish","type":"page","link":"https:\/\/zeus-vs-hades.info\/es\/","title":{"rendered":"Zeus vs Hades \u2014 Dioses de la guerra"},"content":{"rendered":"<div class=\"wp-block-media-text has-media-on-the-right is-stacked-on-mobile\" style=\"grid-template-columns:auto 28%\"><div class=\"wp-block-media-text__content\">\n<p><strong>Zeus vs Hades<\/strong> \u2014 no es solo una tragamonedas, sino una verdadera aventura donde cada giro puede ser decisivo. Desarrollada por Pragmatic Play, esta tragamonedas ofrece a los jugadores la oportunidad de elegir su estrategia: ganancias frecuentes pero moderadas con Zeus o ganancias raras pero grandes con Hades. Los efectos visuales y la banda sonora hacen que el juego sea inolvidable, sumergi\u00e9ndote en la atm\u00f3sfera de los mitos antiguos.<\/p>\n<\/div><figure class=\"wp-block-media-text__media\"><img loading=\"lazy\" decoding=\"async\" width=\"736\" height=\"736\" src=\"https:\/\/zeus-vs-hades.info\/wp-content\/uploads\/2025\/08\/wheel-1.webp\" alt=\"Zeus vs Hades - Dioses de la guerra\" class=\"wp-image-329 size-full\" srcset=\"https:\/\/zeus-vs-hades.info\/wp-content\/uploads\/2025\/08\/wheel-1.webp 736w, https:\/\/zeus-vs-hades.info\/wp-content\/uploads\/2025\/08\/wheel-1-300x300.webp 300w, https:\/\/zeus-vs-hades.info\/wp-content\/uploads\/2025\/08\/wheel-1-150x150.webp 150w, https:\/\/zeus-vs-hades.info\/wp-content\/uploads\/2025\/08\/wheel-1-12x12.webp 12w\" sizes=\"auto, (max-width: 736px) 100vw, 736px\" \/><\/figure><\/div>\n\n\n\n<div class=\"wp-block-buttons is-content-justification-center is-layout-flex wp-container-core-buttons-is-layout-16018d1d wp-block-buttons-is-layout-flex\">\n<div class=\"wp-block-button\"><a class=\"wp-block-button__link wp-element-button\" href=\"https:\/\/p72zy.bemobtrcks.com\/go\/8fdcbb0a-87a1-4def-9e5b-e0e49d214d03?\"><strong>Juega con bono<\/strong><\/a><\/div>\n<\/div>\n\n\n\n<figure class=\"wp-block-table\"><table class=\"has-fixed-layout\"><tbody><tr><td>Proveedor<\/td><td>Juego pragm\u00e1tico<\/td><\/tr><tr><td>G\u00e9nero<\/td><td>Mitolog\u00eda<\/td><\/tr><tr><td>Tragamonedas similares<\/td><td>Puertas del Olimpo<\/td><\/tr><tr><td>Volatilidad<\/td><td>Alto, ajustable<\/td><\/tr><tr><td>RTP<\/td><td>96,07%<\/td><\/tr><tr><td>Multiplicador m\u00e1ximo<\/td><td>15000x<\/td><\/tr><\/tbody><\/table><\/figure>\n\n\n\n<div class=\"wp-block-cover\"><img loading=\"lazy\" decoding=\"async\" width=\"800\" height=\"440\" class=\"wp-block-cover__image-background wp-image-335 size-full\" alt=\"\" src=\"https:\/\/zeus-vs-hades.info\/wp-content\/uploads\/2025\/08\/zeus-hades-cover.jpg\" style=\"object-position:51% 0%\" data-object-fit=\"cover\" data-object-position=\"51% 0%\" srcset=\"https:\/\/zeus-vs-hades.info\/wp-content\/uploads\/2025\/08\/zeus-hades-cover.jpg 800w, https:\/\/zeus-vs-hades.info\/wp-content\/uploads\/2025\/08\/zeus-hades-cover-300x165.jpg 300w, https:\/\/zeus-vs-hades.info\/wp-content\/uploads\/2025\/08\/zeus-hades-cover-768x422.jpg 768w, https:\/\/zeus-vs-hades.info\/wp-content\/uploads\/2025\/08\/zeus-hades-cover-18x10.jpg 18w\" sizes=\"auto, (max-width: 800px) 100vw, 800px\" \/><span aria-hidden=\"true\" class=\"wp-block-cover__background has-background-dim\" style=\"background-color:#717383\"><\/span><div class=\"wp-block-cover__inner-container is-layout-constrained wp-block-cover-is-layout-constrained\">\n<div class=\"wp-block-buttons is-content-justification-center is-layout-flex wp-container-core-buttons-is-layout-16018d1d wp-block-buttons-is-layout-flex\">\n<div class=\"wp-block-button popmake-367\"><a class=\"wp-block-button__link wp-element-button\" href=\"https:\/\/demogamesfree.pragmaticplay.net\/gs2c\/openGame.do?gameSymbol=vs15godsofwar&amp;websiteUrl=https%3A%2F%2Fdemogamesfree.pragmaticplay.net&amp;jurisdiction=99&amp;lobby_url=https%3A%2F%2Fwww.pragmaticplay.com%2Fen%2F\"><strong>Jugar demo<\/strong><\/a><\/div>\n<\/div>\n<\/div><\/div>\n\n\n\n<p>La tragamonedas 5x5 ofrece una experiencia de juego \u00fanica con la formaci\u00f3n de combinaciones de tres o m\u00e1s s\u00edmbolos id\u00e9nticos. Los brillantes efectos visuales y animaciones con la participaci\u00f3n de dioses hacen que el juego sea realmente emocionante. S\u00edmbolos especiales como comodines, multiplicadores y giros gratis a\u00f1aden dinamismo y aumentan las posibilidades de ganar.<\/p>\n\n\n\n<p>Para principiantes o quienes quieran probar la jugabilidad sin riesgo, hay disponible un modo demo. Puedes jugarlo gratis, sin gastar dinero real. Es una excelente manera de comprender la mec\u00e1nica del juego, conocer las caracter\u00edsticas de cada modo y elegir una estrategia. La versi\u00f3n demo se inicia r\u00e1pidamente, sin registro, y es ideal para familiarizarse con la tragamonedas.<\/p>\n\n\n<h2 class=\"wp-block-heading\" id=\"%25d0%25b2-%25d0%25b8%25d0%25b3%25d1%2580%25d0%25b5-zeus-vs-hades-%25d1%2581%25d0%25b8%25d0%25bc%25d0%25b2%25d0%25be%25d0%25bb%25d1%258b-%25d0%25b8%25d0%25b3%25d1%2580%25d0%25b0%25d1%258e%25d1%2582-%25d0%25ba%25d0%25bb%25d1%258e%25d1%2587%25d0%25b5%25d0%25b2%25d1%2583%25d1%258e-%25d1%2580%25d0%25be%25d0%25bb%25d1%258c\">En el juego Zeus vs Hades, los s\u00edmbolos juegan un papel clave en la creaci\u00f3n de la atm\u00f3sfera y la din\u00e1mica del juego.<\/h2>\n\n\n<p><strong>Zeus<\/strong> Se presenta como un dios poderoso y majestuoso, que simboliza el poder y la justicia. Sus s\u00edmbolos suelen incluir rayos, \u00e1guilas y un trono, lo que enfatiza su estatus como el dios supremo del Olimpo. Estos s\u00edmbolos se asocian con la fuerza, la sabidur\u00eda y la protecci\u00f3n.<\/p>\n\n\n\n<p><strong>infierno<\/strong>Por el contrario, simboliza el inframundo y el misterio. Sus s\u00edmbolos incluyen calaveras, Cerbero y un trono de piedra negra. Estos elementos enfatizan su poder sobre el mundo de los muertos y se asocian con el misterio, el poder y la inevitabilidad.<\/p>\n\n\n\n<p>La tragamonedas ofrece la oportunidad \u00fanica de jugar en diferentes divisas, lo que la hace especialmente atractiva para usuarios de cualquier pa\u00eds. Olv\u00eddate de las complejidades de los tipos de cambio y la conversi\u00f3n: simplemente elige el importe de la apuesta en rublos y disfruta del juego.<\/p>\n\n\n\n<p>Esta tragamonedas no es solo un juego, sino una batalla \u00e9pica entre la luz y la oscuridad. Elige de qu\u00e9 lado quieres luchar: Zeus o Hades. Activa las rondas de bonificaci\u00f3n y aumenta tus posibilidades de ganar. \u00a1Que los dioses te concedan suerte y generosos premios!<\/p>\n\n\n<div class=\"wp-block-image\">\n<figure class=\"aligncenter size-large is-resized\"><img loading=\"lazy\" decoding=\"async\" width=\"1024\" height=\"576\" src=\"https:\/\/zeus-vs-hades.info\/wp-content\/uploads\/2025\/08\/zeusvshades-godsofwar-article_mainbanner-1024x576.jpg\" alt=\"zeus vs hades\" class=\"wp-image-355\" style=\"width:652px;height:auto\" srcset=\"https:\/\/zeus-vs-hades.info\/wp-content\/uploads\/2025\/08\/zeusvshades-godsofwar-article_mainbanner-1024x576.jpg 1024w, https:\/\/zeus-vs-hades.info\/wp-content\/uploads\/2025\/08\/zeusvshades-godsofwar-article_mainbanner-300x169.jpg 300w, https:\/\/zeus-vs-hades.info\/wp-content\/uploads\/2025\/08\/zeusvshades-godsofwar-article_mainbanner-768x432.jpg 768w, https:\/\/zeus-vs-hades.info\/wp-content\/uploads\/2025\/08\/zeusvshades-godsofwar-article_mainbanner-18x10.jpg 18w, https:\/\/zeus-vs-hades.info\/wp-content\/uploads\/2025\/08\/zeusvshades-godsofwar-article_mainbanner.jpg 1200w\" sizes=\"auto, (max-width: 1024px) 100vw, 1024px\" \/><\/figure>\n<\/div>\n\n<h2 class=\"wp-block-heading\" id=\"%25d0%25b1%25d0%25be%25d0%25bd%25d1%2583%25d1%2581%25d0%25bd%25d1%258b%25d0%25b5-%25d1%2584%25d1%2583%25d0%25bd%25d0%25ba%25d1%2586%25d0%25b8%25d0%25b8\">Caracter\u00edsticas adicionales<\/h2>\n\n\n<p>Esta emocionante tragamonedas ofrece a los jugadores dos bonos diferentes, ambos con s\u00edmbolos Wild expansivos. Estos s\u00edmbolos pueden aparecer en cualquier rodillo, lo que aumenta tus posibilidades de conseguir grandes premios. Durante las rondas de bonificaci\u00f3n, vivir\u00e1s una batalla \u00e9pica entre dos poderosos titanes, donde la victoria de cualquiera de los dos bandos otorga multiplicadores de hasta 100x. <\/p>\n\n\n\n<p>Todos los comodines que aparecen se guardan para giros posteriores, lo que aumenta significativamente tus posibilidades de ganar grandes premios. La ganancia m\u00e1xima en esta tragamonedas puede alcanzar 15\u00a0000 veces, lo que la hace incre\u00edblemente atractiva para todos los aficionados a los juegos de azar.<\/p>","protected":false},"excerpt":{"rendered":"<p>Zeus vs Hades no es solo una tragamonedas, es una aut\u00e9ntica aventura donde cada giro puede ser decisivo. Desarrollada por Pragmatic Play, esta tragamonedas ofrece a los jugadores la oportunidad de elegir su estrategia: ganancias frecuentes pero moderadas con Zeus o ganancias raras pero grandes con Hades. Los efectos visuales y la banda sonora hacen que el juego sea inolvidable, sumergi\u00e9ndote en la atm\u00f3sfera de los mitos antiguos. Proveedor Pragmatic\u2026<\/p>","protected":false},"author":1,"featured_media":0,"parent":0,"menu_order":0,"comment_status":"closed","ping_status":"closed","template":"","meta":{"_kadence_starter_templates_imported_post":false,"_kad_post_transparent":"","_kad_post_title":"","_kad_post_layout":"","_kad_post_sidebar_id":"","_kad_post_content_style":"","_kad_post_vertical_padding":"","_kad_post_feature":"","_kad_post_feature_position":"","_kad_post_header":false,"_kad_post_footer":false,"footnotes":""},"class_list":["post-324","page","type-page","status-publish","hentry"],"aioseo_notices":[],"_links":{"self":[{"href":"https:\/\/zeus-vs-hades.info\/es\/wp-json\/wp\/v2\/pages\/324","targetHints":{"allow":["GET"]}}],"collection":[{"href":"https:\/\/zeus-vs-hades.info\/es\/wp-json\/wp\/v2\/pages"}],"about":[{"href":"https:\/\/zeus-vs-hades.info\/es\/wp-json\/wp\/v2\/types\/page"}],"author":[{"embeddable":true,"href":"https:\/\/zeus-vs-hades.info\/es\/wp-json\/wp\/v2\/users\/1"}],"replies":[{"embeddable":true,"href":"https:\/\/zeus-vs-hades.info\/es\/wp-json\/wp\/v2\/comments?post=324"}],"version-history":[{"count":22,"href":"https:\/\/zeus-vs-hades.info\/es\/wp-json\/wp\/v2\/pages\/324\/revisions"}],"predecessor-version":[{"id":385,"href":"https:\/\/zeus-vs-hades.info\/es\/wp-json\/wp\/v2\/pages\/324\/revisions\/385"}],"wp:attachment":[{"href":"https:\/\/zeus-vs-hades.info\/es\/wp-json\/wp\/v2\/media?parent=324"}],"curies":[{"name":"wp","href":"https:\/\/api.w.org\/{rel}","templated":true}]}}