{"id":324,"date":"2025-08-27T20:42:49","date_gmt":"2025-08-27T17:42:49","guid":{"rendered":"https:\/\/zeus-vs-hades.info\/"},"modified":"2025-08-28T09:56:30","modified_gmt":"2025-08-28T06:56:30","slug":"zeus-vs-hades","status":"publish","type":"page","link":"https:\/\/zeus-vs-hades.info\/de\/","title":{"rendered":"Zeus vs Hades \u2013 G\u00f6tter des Krieges"},"content":{"rendered":"<div class=\"wp-block-media-text has-media-on-the-right is-stacked-on-mobile\" style=\"grid-template-columns:auto 28%\"><div class=\"wp-block-media-text__content\">\n<p><strong>Zeus vs Hades<\/strong> \u2013 ist nicht nur ein Slot, sondern ein echtes Abenteuer, bei dem jeder Spin entscheidend sein kann. Dieser von Pragmatic Play entwickelte Slot bietet Spielern die M\u00f6glichkeit, ihre Strategie zu w\u00e4hlen: h\u00e4ufige, aber moderate Gewinne mit Zeus oder seltene, aber gro\u00dfe mit Hades. Visuelle Effekte und Soundtrack machen das Spiel unvergesslich und lassen Sie in die Atmosph\u00e4re antiker Mythen eintauchen.<\/p>\n<\/div><figure class=\"wp-block-media-text__media\"><img loading=\"lazy\" decoding=\"async\" width=\"736\" height=\"736\" src=\"https:\/\/zeus-vs-hades.info\/wp-content\/uploads\/2025\/08\/wheel-1.webp\" alt=\"Zeus vs Hades \u2013 G\u00f6tter des Krieges\" class=\"wp-image-329 size-full\" srcset=\"https:\/\/zeus-vs-hades.info\/wp-content\/uploads\/2025\/08\/wheel-1.webp 736w, https:\/\/zeus-vs-hades.info\/wp-content\/uploads\/2025\/08\/wheel-1-300x300.webp 300w, https:\/\/zeus-vs-hades.info\/wp-content\/uploads\/2025\/08\/wheel-1-150x150.webp 150w, https:\/\/zeus-vs-hades.info\/wp-content\/uploads\/2025\/08\/wheel-1-12x12.webp 12w\" sizes=\"auto, (max-width: 736px) 100vw, 736px\" \/><\/figure><\/div>\n\n\n\n<div class=\"wp-block-buttons is-content-justification-center is-layout-flex wp-container-core-buttons-is-layout-16018d1d wp-block-buttons-is-layout-flex\">\n<div class=\"wp-block-button\"><a class=\"wp-block-button__link wp-element-button\" href=\"https:\/\/p72zy.bemobtrcks.com\/go\/8fdcbb0a-87a1-4def-9e5b-e0e49d214d03?\"><strong>Mit Bonus spielen<\/strong><\/a><\/div>\n<\/div>\n\n\n\n<figure class=\"wp-block-table\"><table class=\"has-fixed-layout\"><tbody><tr><td>Anbieter<\/td><td>Pragmatisches Spiel<\/td><\/tr><tr><td>Genre<\/td><td>Mythologie<\/td><\/tr><tr><td>\u00c4hnliche Slots<\/td><td>Tore des Olymp<\/td><\/tr><tr><td>Volatilit\u00e4t<\/td><td>Hoch, verstellbar<\/td><\/tr><tr><td>RTP<\/td><td>96,07%<\/td><\/tr><tr><td>Maximaler Multiplikator<\/td><td>15000x<\/td><\/tr><\/tbody><\/table><\/figure>\n\n\n\n<div class=\"wp-block-cover\"><img loading=\"lazy\" decoding=\"async\" width=\"800\" height=\"440\" class=\"wp-block-cover__image-background wp-image-335 size-full\" alt=\"\" src=\"https:\/\/zeus-vs-hades.info\/wp-content\/uploads\/2025\/08\/zeus-hades-cover.jpg\" style=\"object-position:51% 0%\" data-object-fit=\"cover\" data-object-position=\"51% 0%\" srcset=\"https:\/\/zeus-vs-hades.info\/wp-content\/uploads\/2025\/08\/zeus-hades-cover.jpg 800w, https:\/\/zeus-vs-hades.info\/wp-content\/uploads\/2025\/08\/zeus-hades-cover-300x165.jpg 300w, https:\/\/zeus-vs-hades.info\/wp-content\/uploads\/2025\/08\/zeus-hades-cover-768x422.jpg 768w, https:\/\/zeus-vs-hades.info\/wp-content\/uploads\/2025\/08\/zeus-hades-cover-18x10.jpg 18w\" sizes=\"auto, (max-width: 800px) 100vw, 800px\" \/><span aria-hidden=\"true\" class=\"wp-block-cover__background has-background-dim\" style=\"background-color:#717383\"><\/span><div class=\"wp-block-cover__inner-container is-layout-constrained wp-block-cover-is-layout-constrained\">\n<div class=\"wp-block-buttons is-content-justification-center is-layout-flex wp-container-core-buttons-is-layout-16018d1d wp-block-buttons-is-layout-flex\">\n<div class=\"wp-block-button popmake-367\"><a class=\"wp-block-button__link wp-element-button\" href=\"https:\/\/demogamesfree.pragmaticplay.net\/gs2c\/openGame.do?gameSymbol=vs15godsofwar&amp;websiteUrl=https%3A%2F%2Fdemogamesfree.pragmaticplay.net&amp;jurisdiction=99&amp;lobby_url=https%3A%2F%2Fwww.pragmaticplay.com%2Fen%2F\"><strong>Demo abspielen<\/strong><\/a><\/div>\n<\/div>\n<\/div><\/div>\n\n\n\n<p>Der 5x5-Slot bietet ein einzigartiges Spielerlebnis mit der Bildung von Kombinationen aus drei oder mehr identischen Symbolen. Helle visuelle Effekte und Animationen mit der Beteiligung von G\u00f6ttern machen das Spiel wirklich spannend. Spezielle Symbole wie Wild, Multiplikatoren und Freispiele sorgen f\u00fcr Dynamik und erh\u00f6hen die Gewinnchancen.<\/p>\n\n\n\n<p>F\u00fcr Anf\u00e4nger oder diejenigen, die das Gameplay ohne Risiko testen m\u00f6chten, steht ein Demomodus zur Verf\u00fcgung. Sie k\u00f6nnen die Demo kostenlos spielen, ohne echtes Geld auszugeben. Dies ist eine gro\u00dfartige M\u00f6glichkeit, die Spielmechanik zu verstehen, die Funktionen der einzelnen Modi kennenzulernen und eine Strategie zu w\u00e4hlen. Die Demoversion startet schnell, ohne Registrierung und ist ideal f\u00fcr den ersten Kontakt mit dem Slot.<\/p>\n\n\n<h2 class=\"wp-block-heading\" id=\"%25d0%25b2-%25d0%25b8%25d0%25b3%25d1%2580%25d0%25b5-zeus-vs-hades-%25d1%2581%25d0%25b8%25d0%25bc%25d0%25b2%25d0%25be%25d0%25bb%25d1%258b-%25d0%25b8%25d0%25b3%25d1%2580%25d0%25b0%25d1%258e%25d1%2582-%25d0%25ba%25d0%25bb%25d1%258e%25d1%2587%25d0%25b5%25d0%25b2%25d1%2583%25d1%258e-%25d1%2580%25d0%25be%25d0%25bb%25d1%258c\">Im Spiel Zeus vs Hades spielen Symbole eine Schl\u00fcsselrolle bei der Schaffung der Atmosph\u00e4re und Dynamik des Spiels.<\/h2>\n\n\n<p><strong>Zeus<\/strong> wird als m\u00e4chtiger und majest\u00e4tischer Gott dargestellt, der Macht und Gerechtigkeit symbolisiert. Zu seinen Symbolen geh\u00f6ren oft Blitze, Adler und ein Thron, die seinen Status als oberster Gott des Olymps unterstreichen. Diese Symbole werden mit St\u00e4rke, Weisheit und Schutz assoziiert.<\/p>\n\n\n\n<p><strong>Hades<\/strong>symbolisiert im Gegenteil die Unterwelt und das Mysterium. Zu seinen Symbolen geh\u00f6ren Totenk\u00f6pfe, Cerberus und ein Thron aus schwarzem Stein. Diese Elemente betonen seine Macht \u00fcber die Welt der Toten und werden mit Mysterium, Macht und Unvermeidlichkeit assoziiert.<\/p>\n\n\n\n<p>Der Slot bietet die einzigartige M\u00f6glichkeit, in verschiedenen W\u00e4hrungen zu spielen, was das Spiel besonders attraktiv f\u00fcr Benutzer aus allen L\u00e4ndern macht. Vergessen Sie die Komplexit\u00e4t von Wechselkursen und Umrechnungen \u2013 w\u00e4hlen Sie einfach den Einsatzbetrag in Rubel und genie\u00dfen Sie das Spiel.<\/p>\n\n\n\n<p>Dieser Slot ist nicht nur ein Spiel, sondern ein epischer Kampf zwischen Licht und Dunkelheit. W\u00e4hle, auf welcher Seite du k\u00e4mpfen m\u00f6chtest \u2013 Zeus oder Hades. Aktiviere Bonusrunden und erh\u00f6he deine Gewinnchancen. M\u00f6gen die G\u00f6tter dir Gl\u00fcck und gro\u00dfz\u00fcgige Preise schenken!<\/p>\n\n\n<div class=\"wp-block-image\">\n<figure class=\"aligncenter size-large is-resized\"><img loading=\"lazy\" decoding=\"async\" width=\"1024\" height=\"576\" src=\"https:\/\/zeus-vs-hades.info\/wp-content\/uploads\/2025\/08\/zeusvshades-godsofwar-article_mainbanner-1024x576.jpg\" alt=\"zeus vs hades\" class=\"wp-image-355\" style=\"width:652px;height:auto\" srcset=\"https:\/\/zeus-vs-hades.info\/wp-content\/uploads\/2025\/08\/zeusvshades-godsofwar-article_mainbanner-1024x576.jpg 1024w, https:\/\/zeus-vs-hades.info\/wp-content\/uploads\/2025\/08\/zeusvshades-godsofwar-article_mainbanner-300x169.jpg 300w, https:\/\/zeus-vs-hades.info\/wp-content\/uploads\/2025\/08\/zeusvshades-godsofwar-article_mainbanner-768x432.jpg 768w, https:\/\/zeus-vs-hades.info\/wp-content\/uploads\/2025\/08\/zeusvshades-godsofwar-article_mainbanner-18x10.jpg 18w, https:\/\/zeus-vs-hades.info\/wp-content\/uploads\/2025\/08\/zeusvshades-godsofwar-article_mainbanner.jpg 1200w\" sizes=\"auto, (max-width: 1024px) 100vw, 1024px\" \/><\/figure>\n<\/div>\n\n<h2 class=\"wp-block-heading\" id=\"%25d0%25b1%25d0%25be%25d0%25bd%25d1%2583%25d1%2581%25d0%25bd%25d1%258b%25d0%25b5-%25d1%2584%25d1%2583%25d0%25bd%25d0%25ba%25d1%2586%25d0%25b8%25d0%25b8\">Bonusfunktionen<\/h2>\n\n\n<p>Dieser spannende Slot bietet Spielern zwei verschiedene Boni, die beide expandierende Wild-Symbole bieten. Diese Symbole k\u00f6nnen auf jeder Walze erscheinen und erh\u00f6hen Ihre Gewinnchancen. In den Bonusrunden erleben Sie einen epischen Kampf zwischen zwei m\u00e4chtigen Titanen, bei dem ein Sieg f\u00fcr eine der beiden Seiten Multiplikatoren von bis zu 100x bringt. <\/p>\n\n\n\n<p>Alle erscheinenden Wild-Symbole werden f\u00fcr nachfolgende Drehungen gespeichert, was Ihre Chancen auf gro\u00dfe Gewinne deutlich erh\u00f6ht. Der maximale Gewinn in diesem Slot kann das 15.000-fache erreichen, was ihn f\u00fcr alle Gl\u00fccksspielbegeisterten unglaublich attraktiv macht.<\/p>","protected":false},"excerpt":{"rendered":"<p>Zeus vs Hades ist nicht nur ein Slot, sondern ein echtes Abenteuer, bei dem jeder Spin entscheidend sein kann. Dieser von Pragmatic Play entwickelte Slot bietet Spielern die M\u00f6glichkeit, ihre Strategie zu w\u00e4hlen: h\u00e4ufige, aber moderate Gewinne mit Zeus oder seltene, aber gro\u00dfe mit Hades. Visuelle Effekte und Sound machen das Spiel unvergesslich und lassen Sie in die Atmosph\u00e4re antiker Mythen eintauchen. Anbieter Pragmatic\u2026<\/p>","protected":false},"author":1,"featured_media":0,"parent":0,"menu_order":0,"comment_status":"closed","ping_status":"closed","template":"","meta":{"_kadence_starter_templates_imported_post":false,"_kad_post_transparent":"","_kad_post_title":"","_kad_post_layout":"","_kad_post_sidebar_id":"","_kad_post_content_style":"","_kad_post_vertical_padding":"","_kad_post_feature":"","_kad_post_feature_position":"","_kad_post_header":false,"_kad_post_footer":false,"footnotes":""},"class_list":["post-324","page","type-page","status-publish","hentry"],"aioseo_notices":[],"_links":{"self":[{"href":"https:\/\/zeus-vs-hades.info\/de\/wp-json\/wp\/v2\/pages\/324","targetHints":{"allow":["GET"]}}],"collection":[{"href":"https:\/\/zeus-vs-hades.info\/de\/wp-json\/wp\/v2\/pages"}],"about":[{"href":"https:\/\/zeus-vs-hades.info\/de\/wp-json\/wp\/v2\/types\/page"}],"author":[{"embeddable":true,"href":"https:\/\/zeus-vs-hades.info\/de\/wp-json\/wp\/v2\/users\/1"}],"replies":[{"embeddable":true,"href":"https:\/\/zeus-vs-hades.info\/de\/wp-json\/wp\/v2\/comments?post=324"}],"version-history":[{"count":22,"href":"https:\/\/zeus-vs-hades.info\/de\/wp-json\/wp\/v2\/pages\/324\/revisions"}],"predecessor-version":[{"id":385,"href":"https:\/\/zeus-vs-hades.info\/de\/wp-json\/wp\/v2\/pages\/324\/revisions\/385"}],"wp:attachment":[{"href":"https:\/\/zeus-vs-hades.info\/de\/wp-json\/wp\/v2\/media?parent=324"}],"curies":[{"name":"wp","href":"https:\/\/api.w.org\/{rel}","templated":true}]}}