{"id":324,"date":"2025-08-27T20:42:49","date_gmt":"2025-08-27T17:42:49","guid":{"rendered":"https:\/\/zeus-vs-hades.info\/"},"modified":"2025-08-28T09:56:30","modified_gmt":"2025-08-28T06:56:30","slug":"zeus-vs-hades","status":"publish","type":"page","link":"https:\/\/zeus-vs-hades.info\/az\/","title":{"rendered":"Zeus vs Hades - M\u00fcharib\u0259 Tanr\u0131lar\u0131"},"content":{"rendered":"<div class=\"wp-block-media-text has-media-on-the-right is-stacked-on-mobile\" style=\"grid-template-columns:auto 28%\"><div class=\"wp-block-media-text__content\">\n<p><strong>Zeus vs Hades<\/strong> \u2014 sad\u0259c\u0259 bir slot deyil, h\u0259r spinin h\u0259lledici ola bil\u0259c\u0259yi real mac\u0259rad\u0131r. Pragmatic Play t\u0259r\u0259find\u0259n haz\u0131rlanm\u0131\u015f bu slot oyun\u00e7ulara \u00f6z strategiyalar\u0131n\u0131 se\u00e7m\u0259k imkan\u0131 t\u0259qdim edir: Zeus il\u0259 tez-tez, lakin orta udu\u015flar v\u0259 ya Hades il\u0259 nadir, lakin b\u00f6y\u00fck olanlar. Vizual effektl\u0259r v\u0259 saundtrek oyunu unudulmaz edir, sizi q\u0259dim mifl\u0259rin atmosferin\u0259 q\u0259rq edir.<\/p>\n<\/div><figure class=\"wp-block-media-text__media\"><img loading=\"lazy\" decoding=\"async\" width=\"736\" height=\"736\" src=\"https:\/\/zeus-vs-hades.info\/wp-content\/uploads\/2025\/08\/wheel-1.webp\" alt=\"Zeus vs Hades - M\u00fcharib\u0259 Tanr\u0131lar\u0131\" class=\"wp-image-329 size-full\" srcset=\"https:\/\/zeus-vs-hades.info\/wp-content\/uploads\/2025\/08\/wheel-1.webp 736w, https:\/\/zeus-vs-hades.info\/wp-content\/uploads\/2025\/08\/wheel-1-300x300.webp 300w, https:\/\/zeus-vs-hades.info\/wp-content\/uploads\/2025\/08\/wheel-1-150x150.webp 150w, https:\/\/zeus-vs-hades.info\/wp-content\/uploads\/2025\/08\/wheel-1-12x12.webp 12w\" sizes=\"auto, (max-width: 736px) 100vw, 736px\" \/><\/figure><\/div>\n\n\n\n<div class=\"wp-block-buttons is-content-justification-center is-layout-flex wp-container-core-buttons-is-layout-16018d1d wp-block-buttons-is-layout-flex\">\n<div class=\"wp-block-button\"><a class=\"wp-block-button__link wp-element-button\" href=\"https:\/\/p72zy.bemobtrcks.com\/go\/8fdcbb0a-87a1-4def-9e5b-e0e49d214d03?\"><strong>Bonusla oynay\u0131n<\/strong><\/a><\/div>\n<\/div>\n\n\n\n<figure class=\"wp-block-table\"><table class=\"has-fixed-layout\"><tbody><tr><td>Provayder<\/td><td>Praqmatik oyun<\/td><\/tr><tr><td>Janr<\/td><td>Mifologiya<\/td><\/tr><tr><td>Ox\u015far yuvalar<\/td><td>Olympus qap\u0131lar\u0131<\/td><\/tr><tr><td>D\u0259yi\u015fk\u0259nlik<\/td><td>Y\u00fcks\u0259k, t\u0259nziml\u0259n\u0259n<\/td><\/tr><tr><td>RTP<\/td><td>96,07%<\/td><\/tr><tr><td>Maksimum \u00e7arpan<\/td><td>15000x<\/td><\/tr><\/tbody><\/table><\/figure>\n\n\n\n<div class=\"wp-block-cover\"><img loading=\"lazy\" decoding=\"async\" width=\"800\" height=\"440\" class=\"wp-block-cover__image-background wp-image-335 size-full\" alt=\"\" src=\"https:\/\/zeus-vs-hades.info\/wp-content\/uploads\/2025\/08\/zeus-hades-cover.jpg\" style=\"object-position:51% 0%\" data-object-fit=\"cover\" data-object-position=\"51% 0%\" srcset=\"https:\/\/zeus-vs-hades.info\/wp-content\/uploads\/2025\/08\/zeus-hades-cover.jpg 800w, https:\/\/zeus-vs-hades.info\/wp-content\/uploads\/2025\/08\/zeus-hades-cover-300x165.jpg 300w, https:\/\/zeus-vs-hades.info\/wp-content\/uploads\/2025\/08\/zeus-hades-cover-768x422.jpg 768w, https:\/\/zeus-vs-hades.info\/wp-content\/uploads\/2025\/08\/zeus-hades-cover-18x10.jpg 18w\" sizes=\"auto, (max-width: 800px) 100vw, 800px\" \/><span aria-hidden=\"true\" class=\"wp-block-cover__background has-background-dim\" style=\"background-color:#717383\"><\/span><div class=\"wp-block-cover__inner-container is-layout-constrained wp-block-cover-is-layout-constrained\">\n<div class=\"wp-block-buttons is-content-justification-center is-layout-flex wp-container-core-buttons-is-layout-16018d1d wp-block-buttons-is-layout-flex\">\n<div class=\"wp-block-button popmake-367\"><a class=\"wp-block-button__link wp-element-button\" href=\"https:\/\/demogamesfree.pragmaticplay.net\/gs2c\/openGame.do?gameSymbol=vs15godsofwar&amp;websiteUrl=https%3A%2F%2Fdemogamesfree.pragmaticplay.net&amp;jurisdiction=99&amp;lobby_url=https%3A%2F%2Fwww.pragmaticplay.com%2Fen%2F\"><strong>Demo oynay\u0131n<\/strong><\/a><\/div>\n<\/div>\n<\/div><\/div>\n\n\n\n<p>5x5 slot \u00fc\u00e7 v\u0259 ya daha \u00e7ox eyni simvolun birl\u0259\u015fm\u0259sinin formala\u015fmas\u0131 il\u0259 unikal oyun t\u0259cr\u00fcb\u0259si t\u0259qdim edir. Parlaq vizual effektl\u0259r v\u0259 tanr\u0131lar\u0131n i\u015ftirak\u0131 il\u0259 animasiyalar oyunu h\u0259qiq\u0259t\u0259n h\u0259y\u0259canland\u0131r\u0131r. V\u0259h\u015fi, \u00e7arpan v\u0259 pulsuz f\u0131rlanma kimi x\u00fcsusi simvollar dinamika \u0259lav\u0259 edir v\u0259 qazanmaq \u015fans\u0131n\u0131 art\u0131r\u0131r.<\/p>\n\n\n\n<p>Yeni ba\u015flayanlar v\u0259 ya oyunu risksiz qiym\u0259tl\u0259ndirm\u0259k ist\u0259y\u0259nl\u0259r \u00fc\u00e7\u00fcn demo rejimi m\u00f6vcuddur. Siz real pul x\u0259rcl\u0259m\u0259d\u0259n demonu pulsuz oynaya bil\u0259rsiniz. Bu, oyunun mexanikas\u0131n\u0131 ba\u015fa d\u00fc\u015fm\u0259k, h\u0259r rejimin x\u00fcsusiyy\u0259tl\u0259rini \u00f6yr\u0259nm\u0259k v\u0259 strategiya se\u00e7m\u0259k \u00fc\u00e7\u00fcn \u0259la bir yoldur. Demo versiyas\u0131 qeydiyyat olmadan tez ba\u015flay\u0131r v\u0259 slotla ilk tan\u0131\u015fl\u0131q \u00fc\u00e7\u00fcn ideald\u0131r.<\/p>\n\n\n<h2 class=\"wp-block-heading\" id=\"%25d0%25b2-%25d0%25b8%25d0%25b3%25d1%2580%25d0%25b5-zeus-vs-hades-%25d1%2581%25d0%25b8%25d0%25bc%25d0%25b2%25d0%25be%25d0%25bb%25d1%258b-%25d0%25b8%25d0%25b3%25d1%2580%25d0%25b0%25d1%258e%25d1%2582-%25d0%25ba%25d0%25bb%25d1%258e%25d1%2587%25d0%25b5%25d0%25b2%25d1%2583%25d1%258e-%25d1%2580%25d0%25be%25d0%25bb%25d1%258c\">Zeus vs Hades oyununda simvollar oyunun atmosferinin v\u0259 dinamikas\u0131n\u0131n yarad\u0131lmas\u0131nda \u0259sas rol oynay\u0131r.<\/h2>\n\n\n<p><strong>Zevs<\/strong> q\u00fcdr\u0259t v\u0259 \u0259dal\u0259ti simvoliz\u0259 ed\u0259n q\u00fcdr\u0259tli v\u0259 \u0259z\u0259m\u0259tli tanr\u0131 kimi t\u0259qdim olunur. Onun simvollar\u0131na tez-tez ild\u0131r\u0131m, qartal v\u0259 taxt daxildir ki, bu da onun Olympusun ali tanr\u0131s\u0131 statusunu vur\u011fulay\u0131r. Bu simvollar g\u00fcc, hikm\u0259t v\u0259 qorunma il\u0259 \u0259laq\u0259l\u0259ndirilir.<\/p>\n\n\n\n<p><strong>C\u0259h\u0259nn\u0259m<\/strong>, \u0259ksin\u0259, yeralt\u0131 d\u00fcnyas\u0131n\u0131 v\u0259 sirri simvolla\u015fd\u0131r\u0131r. Onun simvollar\u0131na k\u0259ll\u0259l\u0259r, Cerberus v\u0259 qara da\u015fdan taxt daxildir. Bu elementl\u0259r onun \u00f6l\u00fcl\u0259r d\u00fcnyas\u0131 \u00fcz\u0259rind\u0259ki g\u00fcc\u00fcn\u00fc vur\u011fulay\u0131r v\u0259 sirr, g\u00fcc v\u0259 qa\u00e7\u0131lmazl\u0131qla \u0259laq\u0259l\u0259ndirilir.<\/p>\n\n\n\n<p>Slot m\u00fcxt\u0259lif valyutalarda oynamaq \u00fc\u00e7\u00fcn unikal imkan t\u0259qdim edir ki, bu da oyunu ist\u0259nil\u0259n \u00f6lk\u0259d\u0259n olan istifad\u0259\u00e7il\u0259r \u00fc\u00e7\u00fcn x\u00fcsusil\u0259 c\u0259lbedici edir. Valyuta m\u0259z\u0259nn\u0259l\u0259rinin v\u0259 konvertasiyan\u0131n m\u00fcr\u0259kk\u0259bliyini unudun - sad\u0259c\u0259 rublla m\u0259rc m\u0259bl\u0259\u011fini se\u00e7in v\u0259 oyundan h\u0259zz al\u0131n.<\/p>\n\n\n\n<p>Bu slot sad\u0259c\u0259 bir oyun deyil, i\u015f\u0131q v\u0259 qaranl\u0131q aras\u0131nda epik d\u00f6y\u00fc\u015fd\u00fcr. Kimin t\u0259r\u0259find\u0259 d\u00f6y\u00fc\u015fm\u0259k ist\u0259diyinizi se\u00e7in - Zevs v\u0259 ya Hades. Bonus turlar\u0131n\u0131 aktivl\u0259\u015fdirin v\u0259 qazanmaq \u015fans\u0131n\u0131z\u0131 art\u0131r\u0131n. Tanr\u0131lar siz\u0259 u\u011furlar v\u0259 s\u0259xav\u0259tli m\u00fckafatlar b\u0259x\u015f etsin!<\/p>\n\n\n<div class=\"wp-block-image\">\n<figure class=\"aligncenter size-large is-resized\"><img loading=\"lazy\" decoding=\"async\" width=\"1024\" height=\"576\" src=\"https:\/\/zeus-vs-hades.info\/wp-content\/uploads\/2025\/08\/zeusvshades-godsofwar-article_mainbanner-1024x576.jpg\" alt=\"zeus vs hades\" class=\"wp-image-355\" style=\"width:652px;height:auto\" srcset=\"https:\/\/zeus-vs-hades.info\/wp-content\/uploads\/2025\/08\/zeusvshades-godsofwar-article_mainbanner-1024x576.jpg 1024w, https:\/\/zeus-vs-hades.info\/wp-content\/uploads\/2025\/08\/zeusvshades-godsofwar-article_mainbanner-300x169.jpg 300w, https:\/\/zeus-vs-hades.info\/wp-content\/uploads\/2025\/08\/zeusvshades-godsofwar-article_mainbanner-768x432.jpg 768w, https:\/\/zeus-vs-hades.info\/wp-content\/uploads\/2025\/08\/zeusvshades-godsofwar-article_mainbanner-18x10.jpg 18w, https:\/\/zeus-vs-hades.info\/wp-content\/uploads\/2025\/08\/zeusvshades-godsofwar-article_mainbanner.jpg 1200w\" sizes=\"auto, (max-width: 1024px) 100vw, 1024px\" \/><\/figure>\n<\/div>\n\n<h2 class=\"wp-block-heading\" id=\"%25d0%25b1%25d0%25be%25d0%25bd%25d1%2583%25d1%2581%25d0%25bd%25d1%258b%25d0%25b5-%25d1%2584%25d1%2583%25d0%25bd%25d0%25ba%25d1%2586%25d0%25b8%25d0%25b8\">Bonus x\u00fcsusiyy\u0259tl\u0259ri<\/h2>\n\n\n<p>Bu maraql\u0131 slot oyun\u00e7ulara iki f\u0259rqli bonus t\u0259klif edir, h\u0259r ikisi geni\u015fl\u0259n\u0259n Wild simvollar\u0131n\u0131 t\u0259klif edir. Bu simvollar ist\u0259nil\u0259n \u00e7arxda g\u00f6r\u00fcn\u0259 bil\u0259r v\u0259 bu, b\u00f6y\u00fck udu\u015f \u015fans\u0131n\u0131z\u0131 art\u0131r\u0131r. Bonus raundlar\u0131 zaman\u0131 siz iki g\u00fccl\u00fc titan aras\u0131nda epik d\u00f6y\u00fc\u015f ya\u015fayacaqs\u0131n\u0131z, burada h\u0259r iki t\u0259r\u0259fin q\u0259l\u0259b\u0259si 100x-\u0259 q\u0259d\u0259r \u00e7arpan g\u0259tirir. <\/p>\n\n\n\n<p>G\u00f6r\u00fcn\u0259n b\u00fct\u00fcn v\u0259h\u015fi simvollar sonrak\u0131 f\u0131rlanmalar \u00fc\u00e7\u00fcn saxlan\u0131l\u0131r ki, bu da b\u00f6y\u00fck m\u00fckafatlar qazanmaq \u015fans\u0131n\u0131z\u0131 \u0259h\u0259miyy\u0259tli d\u0259r\u0259c\u0259d\u0259 art\u0131r\u0131r. Bu slotda maksimum udu\u015f 15.000 d\u0259f\u0259y\u0259 \u00e7ata bil\u0259r ki, bu da onu b\u00fct\u00fcn qumar h\u0259v\u0259skarlar\u0131 \u00fc\u00e7\u00fcn inan\u0131lmaz d\u0259r\u0259c\u0259d\u0259 c\u0259lbedici edir.<\/p>","protected":false},"excerpt":{"rendered":"<p>Zeus vs Hades sad\u0259c\u0259 bir slot deyil, h\u0259r f\u0131rlanman\u0131n h\u0259lledici ola bil\u0259c\u0259yi \u0259sl mac\u0259rad\u0131r. Pragmatic Play t\u0259r\u0259find\u0259n haz\u0131rlanm\u0131\u015f bu slot oyun\u00e7ulara \u00f6z strategiyalar\u0131n\u0131 se\u00e7m\u0259k imkan\u0131 t\u0259qdim edir: Zeus il\u0259 tez-tez, lakin orta udu\u015flar v\u0259 ya Hades il\u0259 nadir, lakin b\u00f6y\u00fck olanlar. Vizual effektl\u0259r v\u0259 s\u0259s oyunu unudulmaz edir, sizi q\u0259dim mifl\u0259rin atmosferin\u0259 q\u0259rq edir. Provayder Praqmatik\u2026<\/p>","protected":false},"author":1,"featured_media":0,"parent":0,"menu_order":0,"comment_status":"closed","ping_status":"closed","template":"","meta":{"_kadence_starter_templates_imported_post":false,"_kad_post_transparent":"","_kad_post_title":"","_kad_post_layout":"","_kad_post_sidebar_id":"","_kad_post_content_style":"","_kad_post_vertical_padding":"","_kad_post_feature":"","_kad_post_feature_position":"","_kad_post_header":false,"_kad_post_footer":false,"footnotes":""},"class_list":["post-324","page","type-page","status-publish","hentry"],"aioseo_notices":[],"_links":{"self":[{"href":"https:\/\/zeus-vs-hades.info\/az\/wp-json\/wp\/v2\/pages\/324","targetHints":{"allow":["GET"]}}],"collection":[{"href":"https:\/\/zeus-vs-hades.info\/az\/wp-json\/wp\/v2\/pages"}],"about":[{"href":"https:\/\/zeus-vs-hades.info\/az\/wp-json\/wp\/v2\/types\/page"}],"author":[{"embeddable":true,"href":"https:\/\/zeus-vs-hades.info\/az\/wp-json\/wp\/v2\/users\/1"}],"replies":[{"embeddable":true,"href":"https:\/\/zeus-vs-hades.info\/az\/wp-json\/wp\/v2\/comments?post=324"}],"version-history":[{"count":22,"href":"https:\/\/zeus-vs-hades.info\/az\/wp-json\/wp\/v2\/pages\/324\/revisions"}],"predecessor-version":[{"id":385,"href":"https:\/\/zeus-vs-hades.info\/az\/wp-json\/wp\/v2\/pages\/324\/revisions\/385"}],"wp:attachment":[{"href":"https:\/\/zeus-vs-hades.info\/az\/wp-json\/wp\/v2\/media?parent=324"}],"curies":[{"name":"wp","href":"https:\/\/api.w.org\/{rel}","templated":true}]}}